{"id":26,"date":"2025-07-15T23:20:12","date_gmt":"2025-07-16T02:20:12","guid":{"rendered":"https:\/\/radiotempestad.ddns.net\/site\/?page_id=26"},"modified":"2026-04-06T17:32:15","modified_gmt":"2026-04-06T20:32:15","slug":"sobre-radio-tempestad","status":"publish","type":"page","link":"https:\/\/radiotempestad.ddns.net\/site\/sobre-radio-tempestad\/","title":{"rendered":"Sobre Nosotrxs"},"content":{"rendered":"\n<p class=\"has-text-align-center has-larger-font-size\"><strong>Somos el brote, producto de las tempestades.<\/strong><\/p>\n\n\n\n<div class=\"wp-block-uagb-container uagb-block-8c66540c alignfull uagb-is-root-container\"><div class=\"uagb-container-inner-blocks-wrap\">\n<div class=\"wp-block-uagb-container uagb-block-60385655\">\n<div class=\"wp-block-uagb-container uagb-block-92d86a46\">\n<div class=\"wp-block-uagb-container uagb-block-26284a95\">\n<p class=\"has-medium-font-size\">Somos una colectiva radial libre y antiautoritaria que sale al aire desde el territorio usurpado por el estado uruguayo. Decidimos apropiarnos de los medios libres que tenemos a nuestro alcance para lanzarnos en un proyecto radial donde apostamos a la contra-informaci\u00f3n, la que no sale en los medios de comunicaci\u00f3n hegem\u00f3nicos.<\/p>\n\n\n\n<p class=\"has-medium-font-size\">Difundimos la lucha social en este y todos los territorios, amplificando experiencias de luchas y compartiendo pr\u00e1cticas, consejos y saberes que nos sirvan a la hora de poner en pr\u00e1ctica el mundo nuevo que llevamos en nuestro corazones<\/p>\n\n\n\n<p class=\"has-medium-font-size\">Somos una radio libre porque decidimos NO utilizar sistemas, aplicaciones y programas privativos &nbsp;que solo sirven para legitimar y sostener el control y la dominaci\u00f3n de nuestras vidas. Entendiendo el contexto actual con las tecnolog\u00edas digitales, impuestas en nuestras vidas, elegimos las m\u00e1s honestas, las que no pretenden el lucro, ni controlar nuestra existencia\u2026sino que fueron creadas como una herramienta para la comunicaci\u00f3n, la informaci\u00f3n y la conexi\u00f3n entre comunidades afines que resisten al monopolio de los grandes medios corporativos.<\/p>\n\n\n\n<p class=\"has-medium-font-size\">Tenemos una mirada anti-patriarcal, no queremos que exista supremac\u00eda ni privilegios de unxs sobre lxs dem\u00e1s, ni heteronormas que limiten nuestra libertad, ni dioses inventados para oprimirnos.<\/p>\n\n\n\n<p class=\"has-large-font-size\"><strong>Funcionamos de manera:<\/strong><\/p>\n\n\n\n<p class=\"has-medium-font-size\" style=\"margin-top:0;margin-right:0;margin-bottom:0;margin-left:0\">-Horizontal, no existen jerarqu\u00edas, ni l\u00edderes. Las decisiones las tomamos de forma colectiva<\/p>\n\n\n\n<p class=\"has-medium-font-size\" style=\"margin-top:0;margin-right:0;margin-bottom:0;margin-left:0\"><br>-Aut\u00f3noma, no respondemos a ning\u00fan partido, ni empresa. Tenemos una mirada propia sobre la realidad que nos rodea y el mundo que queremos. Difundimos y creamos material que aporte a la resistencia y a la construcci\u00f3n de un mundo libre.<\/p>\n\n\n\n<p class=\"has-medium-font-size\" style=\"margin-top:0;margin-right:0;margin-bottom:0;margin-left:0\"><br>-Autogestionada, no somos financiadxs por ninguna empresa, ni por el estado. Todo lo que construimos es en base al esfuerzo colectivo y lo que se recaude ya sea mediante rifas, toques, bonos colaboraci\u00f3n es 100% volcado para el funcionamiento de la radio.<\/p>\n\n\n\n<p class=\"has-medium-font-size\" style=\"margin-top:0;margin-right:0;margin-bottom:0;margin-left:0\">Para escucharnos pueden hacerlo: Los jueves y viernes de 18 a 23 hs (Uruguay) y los s\u00e1bados y domingos de 10 a 12 hs (Uruguay) a trav\u00e9s de: <a href=\"https:\/\/radiotempestad.ddns.net\">https:\/\/radiotempestad.ddns.net<\/a><\/p>\n\n\n\n<p class=\"has-medium-font-size\" style=\"margin-top:0;margin-right:0;margin-bottom:0;margin-left:0\">Pueden encontrarnos en mastodon: @radio_tempestad.<\/p>\n\n\n\n<p class=\"has-medium-font-size\" style=\"margin-top:0;margin-right:0;margin-bottom:0;margin-left:0\">Comunicarse con nosotrxs a nuestro correo electr\u00f3nico:<a href=\"mailto:radiotempestad@riseup.net\"> radiotempestad@riseup.net<\/a><\/p>\n\n\n\n<p class=\"has-medium-font-size\" style=\"margin-top:0;margin-right:0;margin-bottom:0;margin-left:0\">Enterarse de nuestras novedades por telegram: @radiotempestad<\/p>\n<\/div>\n<\/div>\n<\/div>\n<\/div><\/div>\n\n\n\n<div class=\"wp-block-uagb-container uagb-block-e1a2140f alignfull uagb-is-root-container\"><div class=\"uagb-container-inner-blocks-wrap\"><\/div><\/div>\n","protected":false},"excerpt":{"rendered":"<p>Somos el brote, producto de las tempestades. Somos una colectiva radial libre y antiautoritaria que sale al aire desde el territorio usurpado por el estado uruguayo. Decidimos apropiarnos de los medios libres que tenemos a nuestro alcance para lanzarnos en un proyecto radial donde apostamos a la contra-informaci\u00f3n, la que no sale en los medios&#8230;<\/p>\n","protected":false},"author":1,"featured_media":513,"parent":0,"menu_order":0,"comment_status":"closed","ping_status":"closed","template":"","meta":{"_uag_custom_page_level_css":"","_kad_post_transparent":"","_kad_post_title":"","_kad_post_layout":"","_kad_post_sidebar_id":"","_kad_post_content_style":"","_kad_post_vertical_padding":"","_kad_post_feature":"","_kad_post_feature_position":"","_kad_post_header":false,"_kad_post_footer":false,"footnotes":""},"class_list":["post-26","page","type-page","status-publish","has-post-thumbnail","hentry"],"uagb_featured_image_src":{"full":["https:\/\/radiotempestad.ddns.net\/site\/wp-content\/uploads\/2026\/04\/radio-tempe.jpg",463,245,false],"thumbnail":["https:\/\/radiotempestad.ddns.net\/site\/wp-content\/uploads\/2026\/04\/radio-tempe-150x150.jpg",150,150,true],"medium":["https:\/\/radiotempestad.ddns.net\/site\/wp-content\/uploads\/2026\/04\/radio-tempe-300x159.jpg",300,159,true],"medium_large":["https:\/\/radiotempestad.ddns.net\/site\/wp-content\/uploads\/2026\/04\/radio-tempe.jpg",463,245,false],"large":["https:\/\/radiotempestad.ddns.net\/site\/wp-content\/uploads\/2026\/04\/radio-tempe.jpg",463,245,false],"1536x1536":["https:\/\/radiotempestad.ddns.net\/site\/wp-content\/uploads\/2026\/04\/radio-tempe.jpg",463,245,false],"2048x2048":["https:\/\/radiotempestad.ddns.net\/site\/wp-content\/uploads\/2026\/04\/radio-tempe.jpg",463,245,false],"audioigniter_cover":["https:\/\/radiotempestad.ddns.net\/site\/wp-content\/uploads\/2026\/04\/radio-tempe.jpg",463,245,false]},"uagb_author_info":{"display_name":"tempestad","author_link":"https:\/\/radiotempestad.ddns.net\/site\/author\/tempestad\/"},"uagb_comment_info":0,"uagb_excerpt":"Somos el brote, producto de las tempestades. Somos una colectiva radial libre y antiautoritaria que sale al aire desde el territorio usurpado por el estado uruguayo. Decidimos apropiarnos de los medios libres que tenemos a nuestro alcance para lanzarnos en un proyecto radial donde apostamos a la contra-informaci\u00f3n, la que no sale en los medios...","_links":{"self":[{"href":"https:\/\/radiotempestad.ddns.net\/site\/wp-json\/wp\/v2\/pages\/26","targetHints":{"allow":["GET"]}}],"collection":[{"href":"https:\/\/radiotempestad.ddns.net\/site\/wp-json\/wp\/v2\/pages"}],"about":[{"href":"https:\/\/radiotempestad.ddns.net\/site\/wp-json\/wp\/v2\/types\/page"}],"author":[{"embeddable":true,"href":"https:\/\/radiotempestad.ddns.net\/site\/wp-json\/wp\/v2\/users\/1"}],"replies":[{"embeddable":true,"href":"https:\/\/radiotempestad.ddns.net\/site\/wp-json\/wp\/v2\/comments?post=26"}],"version-history":[{"count":17,"href":"https:\/\/radiotempestad.ddns.net\/site\/wp-json\/wp\/v2\/pages\/26\/revisions"}],"predecessor-version":[{"id":673,"href":"https:\/\/radiotempestad.ddns.net\/site\/wp-json\/wp\/v2\/pages\/26\/revisions\/673"}],"wp:featuredmedia":[{"embeddable":true,"href":"https:\/\/radiotempestad.ddns.net\/site\/wp-json\/wp\/v2\/media\/513"}],"wp:attachment":[{"href":"https:\/\/radiotempestad.ddns.net\/site\/wp-json\/wp\/v2\/media?parent=26"}],"curies":[{"name":"wp","href":"https:\/\/api.w.org\/{rel}","templated":true}]}}