{"id":33,"date":"2025-07-15T23:26:13","date_gmt":"2025-07-16T02:26:13","guid":{"rendered":"https:\/\/radiotempestad.ddns.net\/site\/?page_id=33"},"modified":"2026-04-22T21:48:28","modified_gmt":"2026-04-23T00:48:28","slug":"programacion","status":"publish","type":"page","link":"https:\/\/radiotempestad.ddns.net\/site\/programacion\/","title":{"rendered":"Programaci\u00f3n"},"content":{"rendered":"\n<p class=\"has-text-align-center has-theme-palette-9-color has-text-color has-link-color wp-elements-f7e7e5de8c1ee48f7378638cd6b79395\">\u00bfA qu\u00e9 hora?, \u00bfqu\u00e9 dias?, \u00bfcu\u00e1les programas?, \u00bfcu\u00e1ndo esa m\u00fasica que solo escuchas en radios libres?. <\/p>\n\n\n\n<p class=\"has-text-align-center has-theme-palette-9-color has-text-color has-link-color wp-elements-44c6f4e77c642651d2597c47be2072af\">Ac\u00e1 semana a semana vamos actualizando toda esa info.<\/p>\n\n\n\n<p class=\"has-text-align-center has-theme-palette-9-color has-text-color has-link-color has-large-font-size wp-elements-b458353a1cf7bdd3a55863d3f08293ee\" style=\"font-style:normal;font-weight:900\">\u00a1Estate atenti!<\/p>\n\n\n\n<article class=\"wp-block-uagb-container uagb-block-ce5c6118 alignfull uagb-is-root-container\"><div class=\"uagb-container-inner-blocks-wrap\"><style>.kb-image33_623e56-5e .kb-image-has-overlay:after{opacity:0.3;}<\/style>\n<div class=\"wp-block-kadence-image kb-image33_623e56-5e\"><figure class=\"aligncenter\"><img loading=\"lazy\" decoding=\"async\" width=\"1920\" height=\"1080\" src=\"https:\/\/radiotempestad.ddns.net\/site\/wp-content\/uploads\/2026\/04\/programacion-radio2.jpg\" class=\"kb-img wp-image-704\" srcset=\"https:\/\/radiotempestad.ddns.net\/site\/wp-content\/uploads\/2026\/04\/programacion-radio2.jpg 1920w, https:\/\/radiotempestad.ddns.net\/site\/wp-content\/uploads\/2026\/04\/programacion-radio2-300x169.jpg 300w, https:\/\/radiotempestad.ddns.net\/site\/wp-content\/uploads\/2026\/04\/programacion-radio2-1024x576.jpg 1024w, https:\/\/radiotempestad.ddns.net\/site\/wp-content\/uploads\/2026\/04\/programacion-radio2-768x432.jpg 768w, https:\/\/radiotempestad.ddns.net\/site\/wp-content\/uploads\/2026\/04\/programacion-radio2-1536x864.jpg 1536w\" sizes=\"auto, (max-width: 1920px) 100vw, 1920px\" \/><\/figure><\/div>\n\n\n\n<div class=\"wp-block-uagb-container uagb-block-da79a308\"><\/div>\n<\/div><\/article>\n","protected":false},"excerpt":{"rendered":"<p>\u00bfA qu\u00e9 hora?, \u00bfqu\u00e9 dias?, \u00bfcu\u00e1les programas?, \u00bfcu\u00e1ndo esa m\u00fasica que solo escuchas en radios libres?. Ac\u00e1 semana a semana vamos actualizando toda esa info. \u00a1Estate atenti!<\/p>\n","protected":false},"author":1,"featured_media":0,"parent":0,"menu_order":0,"comment_status":"closed","ping_status":"closed","template":"","meta":{"_uag_custom_page_level_css":"","_kad_post_transparent":"","_kad_post_title":"","_kad_post_layout":"","_kad_post_sidebar_id":"","_kad_post_content_style":"","_kad_post_vertical_padding":"","_kad_post_feature":"","_kad_post_feature_position":"","_kad_post_header":false,"_kad_post_footer":false,"footnotes":""},"class_list":["post-33","page","type-page","status-publish","hentry"],"uagb_featured_image_src":{"full":false,"thumbnail":false,"medium":false,"medium_large":false,"large":false,"1536x1536":false,"2048x2048":false,"audioigniter_cover":false},"uagb_author_info":{"display_name":"tempestad","author_link":"https:\/\/radiotempestad.ddns.net\/site\/author\/tempestad\/"},"uagb_comment_info":0,"uagb_excerpt":"\u00bfA qu\u00e9 hora?, \u00bfqu\u00e9 dias?, \u00bfcu\u00e1les programas?, \u00bfcu\u00e1ndo esa m\u00fasica que solo escuchas en radios libres?. Ac\u00e1 semana a semana vamos actualizando toda esa info. \u00a1Estate atenti!","_links":{"self":[{"href":"https:\/\/radiotempestad.ddns.net\/site\/wp-json\/wp\/v2\/pages\/33","targetHints":{"allow":["GET"]}}],"collection":[{"href":"https:\/\/radiotempestad.ddns.net\/site\/wp-json\/wp\/v2\/pages"}],"about":[{"href":"https:\/\/radiotempestad.ddns.net\/site\/wp-json\/wp\/v2\/types\/page"}],"author":[{"embeddable":true,"href":"https:\/\/radiotempestad.ddns.net\/site\/wp-json\/wp\/v2\/users\/1"}],"replies":[{"embeddable":true,"href":"https:\/\/radiotempestad.ddns.net\/site\/wp-json\/wp\/v2\/comments?post=33"}],"version-history":[{"count":42,"href":"https:\/\/radiotempestad.ddns.net\/site\/wp-json\/wp\/v2\/pages\/33\/revisions"}],"predecessor-version":[{"id":705,"href":"https:\/\/radiotempestad.ddns.net\/site\/wp-json\/wp\/v2\/pages\/33\/revisions\/705"}],"wp:attachment":[{"href":"https:\/\/radiotempestad.ddns.net\/site\/wp-json\/wp\/v2\/media?parent=33"}],"curies":[{"name":"wp","href":"https:\/\/api.w.org\/{rel}","templated":true}]}}